{"id":2650,"date":"2022-06-23T19:44:46","date_gmt":"2022-06-23T17:44:46","guid":{"rendered":"https:\/\/temar.pl\/career\/"},"modified":"2025-02-19T14:38:57","modified_gmt":"2025-02-19T13:38:57","slug":"career","status":"publish","type":"page","link":"https:\/\/temar.pl\/en\/career\/","title":{"rendered":"Career"},"content":{"rendered":"\r\n\r\n\t<p>PPH Temar &#8211; one of the leading distributors in the dairy industry. With over 30 years of experience in the import and export of cheeses and other dairy products, the company&#8217;s position in the market is well established. An energetic and consistent team of experts in various fields makes it a great place for your growth. If you want to work with us, apply today!<\/p>\r\n<h2>Submit Your Application<\/h2>\r\n\t\t<h5>Complete this form or send your CV to: info@temar.pl<\/h5>\r\n\t\t\t\r\n\t<div role=\"form\" class=\"wpcf7\" id=\"wpcf7-f396-o1\" lang=\"pl-PL\" dir=\"ltr\">\n<div class=\"screen-reader-response\"><p role=\"status\" aria-live=\"polite\" aria-atomic=\"true\"><\/p> <ul><\/ul><\/div>\n<form action=\"\/en\/wp-json\/wp\/v2\/pages\/2650#wpcf7-f396-o1\" method=\"post\" class=\"wpcf7-form init contact-form\" enctype=\"multipart\/form-data\" novalidate=\"novalidate\" data-status=\"init\">\n<div style=\"display: none;\">\n<input type=\"hidden\" name=\"_wpcf7\" value=\"396\" \/>\n<input type=\"hidden\" name=\"_wpcf7_version\" value=\"5.6.3\" \/>\n<input type=\"hidden\" name=\"_wpcf7_locale\" value=\"pl_PL\" \/>\n<input type=\"hidden\" name=\"_wpcf7_unit_tag\" value=\"wpcf7-f396-o1\" \/>\n<input type=\"hidden\" name=\"_wpcf7_container_post\" value=\"0\" \/>\n<input type=\"hidden\" name=\"_wpcf7_posted_data_hash\" value=\"\" \/>\n<\/div>\n<div class=\"row\">\n<div class=\"col-md-6\">\n<div class=\"form-row with-label\">\n\t\t\t<label>Imi\u0119 i nazwisko<\/label><span class=\"wpcf7-form-control-wrap\" data-name=\"imie_nazwisko\"><input type=\"text\" name=\"imie_nazwisko\" value=\"\" size=\"40\" class=\"wpcf7-form-control wpcf7-text wpcf7-validates-as-required\" aria-required=\"true\" aria-invalid=\"false\" \/><\/span>\n\t\t<\/div>\n<div class=\"form-row with-label\">\n\t\t\t<label>E-mail<\/label><span class=\"wpcf7-form-control-wrap\" data-name=\"email\"><input type=\"email\" name=\"email\" value=\"\" size=\"40\" class=\"wpcf7-form-control wpcf7-text wpcf7-email wpcf7-validates-as-required wpcf7-validates-as-email\" aria-required=\"true\" aria-invalid=\"false\" \/><\/span>\n\t\t<\/div>\n<div class=\"form-row with-label\">\n\t\t\t<label>Telefon<\/label><span class=\"wpcf7-form-control-wrap\" data-name=\"telefon\"><input type=\"tel\" name=\"telefon\" value=\"\" size=\"40\" class=\"wpcf7-form-control wpcf7-text wpcf7-tel wpcf7-validates-as-required wpcf7-validates-as-tel\" aria-required=\"true\" aria-invalid=\"false\" \/><\/span>\n\t\t<\/div>\n<\/div>\n<div class=\"col-md-6\">\n<div class=\"form-row with-label\">\n\t\t\t<label>Dost\u0119pno\u015b\u0107<\/label><\/p>\n<div class=\"select\"><span class=\"wpcf7-form-control-wrap\" data-name=\"data\"><select name=\"data\" class=\"wpcf7-form-control wpcf7-select wpcf7-validates-as-required\" aria-required=\"true\" aria-invalid=\"false\"><option value=\"\">---<\/option><option value=\"Od zaraz\">Od zaraz<\/option><option value=\"Do 1 miesi\u0105ca\">Do 1 miesi\u0105ca<\/option><option value=\"1 - 2 miesi\u0105ce\">1 - 2 miesi\u0105ce<\/option><option value=\"Powy\u017cej 3 miesi\u0119cy\">Powy\u017cej 3 miesi\u0119cy<\/option><\/select><\/span><\/div>\n<\/div>\n<div class=\"form-row with-label\">\n\t\t\t<label>Stanowisko<\/label><\/p>\n<div class=\"select\"><span class=\"wpcf7-form-control-wrap\" data-name=\"stanowisko\"><select name=\"stanowisko\" class=\"wpcf7-form-control wpcf7-select wpcf7-validates-as-required\" aria-required=\"true\" aria-invalid=\"false\"><option value=\"\">---<\/option><option value=\"Przedstawiciel Handlowy\">Przedstawiciel Handlowy<\/option><option value=\"Kierownik ds. Kluczowych Klient\u00f3w\">Kierownik ds. Kluczowych Klient\u00f3w<\/option><\/select><\/span><\/div>\n<\/div>\n<div class=\"form-row with-label\">\n\t\t\t<label>Za\u0142\u0105cz CV<\/label><span class=\"wpcf7-form-control-wrap\" data-name=\"cv\"><input type=\"file\" name=\"cv\" size=\"40\" class=\"wpcf7-form-control wpcf7-file wpcf7-validates-as-required\" accept=\"audio\/*,video\/*,image\/*\" aria-required=\"true\" aria-invalid=\"false\" \/><\/span>\n\t\t<\/div>\n<\/div>\n<\/div>\n<div class=\"row\">\n<div class=\"col-md-1\"><\/div>\n<div class=\"col-md-11\">\n<div class=\"form-row\">\n\t\t\t<span class=\"wpcf7-form-control-wrap\" data-name=\"zgoda\"><span class=\"wpcf7-form-control wpcf7-checkbox wpcf7-validates-as-required\"><span class=\"wpcf7-list-item first last\"><input type=\"checkbox\" name=\"zgoda[]\" value=\"Zgoda na &lt;a href=&#039;\/\/klarma.pl\/zgoda-na-przetwarzanie-danych\/&#039; target=&#039;_blank&#039;&gt;przetwarzanie danych&lt;\/a&gt;\" \/><span class=\"wpcf7-list-item-label\">Zgoda na &lt;a href=&#039;\/\/klarma.pl\/zgoda-na-przetwarzanie-danych\/&#039; target=&#039;_blank&#039;&gt;przetwarzanie danych&lt;\/a&gt;<\/span><\/span><\/span><\/span><br \/>\n\t\t\t<input type=\"submit\" value=\"Send\" class=\"wpcf7-form-control has-spinner wpcf7-submit\" \/>\n\t\t<\/div>\n<\/div>\n<\/div>\n<div class=\"wpcf7-response-output\" aria-hidden=\"true\"><\/div><\/form><\/div>\r\n\r\n","protected":false},"excerpt":{"rendered":"<p>PPH Temar &#8211; one of the leading distributors in the dairy industry. With over 30 years of experience in the import and export of cheeses and other dairy products, the company&#8217;s position in the market is well established. An energetic and consistent team of experts in various fields makes it [&hellip;]<\/p>\n","protected":false},"author":1,"featured_media":0,"parent":0,"menu_order":0,"comment_status":"closed","ping_status":"closed","template":"","meta":{"_editorskit_title_hidden":false,"_editorskit_reading_time":0,"_editorskit_is_block_options_detached":false,"_editorskit_block_options_position":"{}","inline_featured_image":false,"footnotes":""},"class_list":["post-2650","page","type-page","status-publish","hentry"],"yoast_head":"<!-- This site is optimized with the Yoast SEO plugin v19.7.1 - https:\/\/yoast.com\/wordpress\/plugins\/seo\/ -->\n<title>Career - Temar<\/title>\n<meta name=\"robots\" content=\"index, follow, max-snippet:-1, max-image-preview:large, max-video-preview:-1\" \/>\n<link rel=\"canonical\" href=\"https:\/\/temar.pl\/en\/career\/\" \/>\n<meta property=\"og:locale\" content=\"en_US\" \/>\n<meta property=\"og:type\" content=\"article\" \/>\n<meta property=\"og:title\" content=\"Career - Temar\" \/>\n<meta property=\"og:description\" content=\"PPH Temar &#8211; one of the leading distributors in the dairy industry. With over 30 years of experience in the import and export of cheeses and other dairy products, the company&#8217;s position in the market is well established. An energetic and consistent team of experts in various fields makes it [&hellip;]\" \/>\n<meta property=\"og:url\" content=\"https:\/\/temar.pl\/en\/career\/\" \/>\n<meta property=\"og:site_name\" content=\"Temar\" \/>\n<meta property=\"article:modified_time\" content=\"2025-02-19T13:38:57+00:00\" \/>\n<meta name=\"twitter:card\" content=\"summary_large_image\" \/>\n<!-- \/ Yoast SEO plugin. -->","yoast_head_json":{"title":"Career - Temar","robots":{"index":"index","follow":"follow","max-snippet":"max-snippet:-1","max-image-preview":"max-image-preview:large","max-video-preview":"max-video-preview:-1"},"canonical":"https:\/\/temar.pl\/en\/career\/","og_locale":"en_US","og_type":"article","og_title":"Career - Temar","og_description":"PPH Temar &#8211; one of the leading distributors in the dairy industry. With over 30 years of experience in the import and export of cheeses and other dairy products, the company&#8217;s position in the market is well established. An energetic and consistent team of experts in various fields makes it [&hellip;]","og_url":"https:\/\/temar.pl\/en\/career\/","og_site_name":"Temar","article_modified_time":"2025-02-19T13:38:57+00:00","twitter_card":"summary_large_image","schema":{"@context":"https:\/\/schema.org","@graph":[{"@type":"WebPage","@id":"https:\/\/temar.pl\/en\/career\/","url":"https:\/\/temar.pl\/en\/career\/","name":"Career - Temar","isPartOf":{"@id":"https:\/\/temar.pl\/en\/#website"},"datePublished":"2022-06-23T17:44:46+00:00","dateModified":"2025-02-19T13:38:57+00:00","breadcrumb":{"@id":"https:\/\/temar.pl\/en\/career\/#breadcrumb"},"inLanguage":"en-US","potentialAction":[{"@type":"ReadAction","target":["https:\/\/temar.pl\/en\/career\/"]}]},{"@type":"BreadcrumbList","@id":"https:\/\/temar.pl\/en\/career\/#breadcrumb","itemListElement":[{"@type":"ListItem","position":1,"name":"Home page","item":"https:\/\/temar.pl\/en\/"},{"@type":"ListItem","position":2,"name":"Career"}]},{"@type":"WebSite","@id":"https:\/\/temar.pl\/en\/#website","url":"https:\/\/temar.pl\/en\/","name":"Temar","description":"","publisher":{"@id":"https:\/\/temar.pl\/en\/#organization"},"potentialAction":[{"@type":"SearchAction","target":{"@type":"EntryPoint","urlTemplate":"https:\/\/temar.pl\/en\/?s={search_term_string}"},"query-input":"required name=search_term_string"}],"inLanguage":"en-US"},{"@type":"Organization","@id":"https:\/\/temar.pl\/en\/#organization","name":"Temar","url":"https:\/\/temar.pl\/en\/","sameAs":[],"logo":{"@type":"ImageObject","inLanguage":"en-US","@id":"https:\/\/temar.pl\/en\/#\/schema\/logo\/image\/","url":"https:\/\/temar.pl\/wp-content\/uploads\/2020\/12\/temar-logo.svg","contentUrl":"https:\/\/temar.pl\/wp-content\/uploads\/2020\/12\/temar-logo.svg","caption":"Temar"},"image":{"@id":"https:\/\/temar.pl\/en\/#\/schema\/logo\/image\/"}}]}},"_links":{"self":[{"href":"https:\/\/temar.pl\/en\/wp-json\/wp\/v2\/pages\/2650","targetHints":{"allow":["GET"]}}],"collection":[{"href":"https:\/\/temar.pl\/en\/wp-json\/wp\/v2\/pages"}],"about":[{"href":"https:\/\/temar.pl\/en\/wp-json\/wp\/v2\/types\/page"}],"author":[{"embeddable":true,"href":"https:\/\/temar.pl\/en\/wp-json\/wp\/v2\/users\/1"}],"replies":[{"embeddable":true,"href":"https:\/\/temar.pl\/en\/wp-json\/wp\/v2\/comments?post=2650"}],"version-history":[{"count":4,"href":"https:\/\/temar.pl\/en\/wp-json\/wp\/v2\/pages\/2650\/revisions"}],"predecessor-version":[{"id":6394,"href":"https:\/\/temar.pl\/en\/wp-json\/wp\/v2\/pages\/2650\/revisions\/6394"}],"wp:attachment":[{"href":"https:\/\/temar.pl\/en\/wp-json\/wp\/v2\/media?parent=2650"}],"curies":[{"name":"wp","href":"https:\/\/api.w.org\/{rel}","templated":true}]}}